{"id":70,"date":"2016-09-19T08:58:21","date_gmt":"2016-09-19T11:58:21","guid":{"rendered":"http:\/\/colegioportal.com.br\/?page_id=70"},"modified":"2025-12-18T11:57:42","modified_gmt":"2025-12-18T14:57:42","slug":"manual-do-aluno-e-da-familia","status":"publish","type":"page","link":"http:\/\/colegioportal.com.br\/?page_id=70","title":{"rendered":"Manual do Aluno e da Fam\u00edlia"},"content":{"rendered":"\t\t<div data-elementor-type=\"wp-page\" data-elementor-id=\"70\" class=\"elementor elementor-70\" data-elementor-settings=\"[]\">\n\t\t\t\t\t\t<div class=\"elementor-inner\">\n\t\t\t\t\t\t\t<div class=\"elementor-section-wrap\">\n\t\t\t\t\t\t\t<section class=\"elementor-section elementor-top-section elementor-element elementor-element-5903bde elementor-section-boxed elementor-section-height-default elementor-section-height-default\" data-id=\"5903bde\" data-element_type=\"section\">\n\t\t\t\t\t\t<div class=\"elementor-container elementor-column-gap-default\">\n\t\t\t\t\t\t\t<div class=\"elementor-row\">\n\t\t\t\t\t<div class=\"elementor-column elementor-col-100 elementor-top-column elementor-element elementor-element-c493214\" data-id=\"c493214\" data-element_type=\"column\">\n\t\t\t<div class=\"elementor-column-wrap elementor-element-populated\">\n\t\t\t\t\t\t\t<div class=\"elementor-widget-wrap\">\n\t\t\t\t\t\t<div class=\"elementor-element elementor-element-c0a652b elementor-widget elementor-widget-heading\" data-id=\"c0a652b\" data-element_type=\"widget\" data-widget_type=\"heading.default\">\n\t\t\t\t<div class=\"elementor-widget-container\">\n\t\t\t<h2 class=\"elementor-heading-title elementor-size-default\">MANUAL DO ALUNO E DA FAM\u00cdLIA<\/h2>\t\t<\/div>\n\t\t\t\t<\/div>\n\t\t\t\t\t\t<\/div>\n\t\t\t\t\t<\/div>\n\t\t<\/div>\n\t\t\t\t\t\t\t\t<\/div>\n\t\t\t\t\t<\/div>\n\t\t<\/section>\n\t\t\t\t<section class=\"elementor-section elementor-top-section elementor-element elementor-element-7d8b522f elementor-section-boxed elementor-section-height-default elementor-section-height-default\" data-id=\"7d8b522f\" data-element_type=\"section\">\n\t\t\t\t\t\t<div class=\"elementor-container elementor-column-gap-default\">\n\t\t\t\t\t\t\t<div class=\"elementor-row\">\n\t\t\t\t\t<div class=\"elementor-column elementor-col-100 elementor-top-column elementor-element elementor-element-6708eca5\" data-id=\"6708eca5\" data-element_type=\"column\">\n\t\t\t<div class=\"elementor-column-wrap elementor-element-populated\">\n\t\t\t\t\t\t\t<div class=\"elementor-widget-wrap\">\n\t\t\t\t\t\t<div class=\"elementor-element elementor-element-37bc666 elementor-widget elementor-widget-text-editor\" data-id=\"37bc666\" data-element_type=\"widget\" data-widget_type=\"text-editor.default\">\n\t\t\t\t<div class=\"elementor-widget-container\">\n\t\t\t\t\t<div class=\"elementor-text-editor elementor-clearfix\"><p>\u00a0 \u00a0 \u00a0 Clique abaixo e conhe\u00e7a o Manual do Aluno e da Fam\u00edlia do Col\u00e9gio Portal.<\/p><p>\u00a0 \u00a0 \u00a0 Todos os alunos dever\u00e3o entregar no primeiro dia de aula o termo de aceite impresso e assinado pelos respons\u00e1veis.<\/p><p>\u00a0 \u00a0 \u00a0 \u00a0Este termo localiza-se na \u00faltima p\u00e1gina do manual.<\/p><p>\u00a0 \u00a0 \u00a0 <a href=\"http:\/\/colegioportal.com.br\/wp-content\/uploads\/2025\/12\/Manual-do-Aluno-2026.pdf\">Manual do Aluno 2026<\/a><\/p><p><img loading=\"lazy\" class=\"aligncenter size-full wp-image-79\" src=\"http:\/\/colegioportal.com.br\/wp-content\/uploads\/2016\/09\/comunicacion-hijos.jpg\" alt=\"comunicacion-hijos\" width=\"497\" height=\"330\" srcset=\"http:\/\/colegioportal.com.br\/wp-content\/uploads\/2016\/09\/comunicacion-hijos.jpg 497w, http:\/\/colegioportal.com.br\/wp-content\/uploads\/2016\/09\/comunicacion-hijos-300x199.jpg 300w\" sizes=\"(max-width: 497px) 100vw, 497px\" \/><\/p><p style=\"text-align: center;\"><a href=\"http:\/\/colegioportal.com.br\/?page_id=21\">clique aqui e agende uma visita!<\/a><\/p><\/div>\n\t\t\t\t<\/div>\n\t\t\t\t<\/div>\n\t\t\t\t\t\t<\/div>\n\t\t\t\t\t<\/div>\n\t\t<\/div>\n\t\t\t\t\t\t\t\t<\/div>\n\t\t\t\t\t<\/div>\n\t\t<\/section>\n\t\t\t\t<section class=\"elementor-section elementor-top-section elementor-element elementor-element-1d26d96 elementor-section-boxed elementor-section-height-default elementor-section-height-default\" data-id=\"1d26d96\" data-element_type=\"section\">\n\t\t\t\t\t\t<div class=\"elementor-container elementor-column-gap-default\">\n\t\t\t\t\t\t\t<div class=\"elementor-row\">\n\t\t\t\t\t<div class=\"elementor-column elementor-col-100 elementor-top-column elementor-element elementor-element-f23f809\" data-id=\"f23f809\" data-element_type=\"column\">\n\t\t\t<div class=\"elementor-column-wrap elementor-element-populated\">\n\t\t\t\t\t\t\t<div class=\"elementor-widget-wrap\">\n\t\t\t\t\t\t<div class=\"elementor-element elementor-element-f36c6c3 elementor-widget elementor-widget-image\" data-id=\"f36c6c3\" data-element_type=\"widget\" data-widget_type=\"image.default\">\n\t\t\t\t<div class=\"elementor-widget-container\">\n\t\t\t\t\t<div class=\"elementor-image\">\n\t\t\t\t\t\t\t\t\t\t<img width=\"300\" height=\"93\" src=\"http:\/\/colegioportal.com.br\/wp-content\/uploads\/2022\/01\/logo-portal-novo-1-300x93.jpg\" class=\"attachment-medium size-medium\" alt=\"\" loading=\"lazy\" srcset=\"http:\/\/colegioportal.com.br\/wp-content\/uploads\/2022\/01\/logo-portal-novo-1-300x93.jpg 300w, http:\/\/colegioportal.com.br\/wp-content\/uploads\/2022\/01\/logo-portal-novo-1-600x186.jpg 600w, http:\/\/colegioportal.com.br\/wp-content\/uploads\/2022\/01\/logo-portal-novo-1-768x238.jpg 768w, http:\/\/colegioportal.com.br\/wp-content\/uploads\/2022\/01\/logo-portal-novo-1.jpg 1280w\" sizes=\"(max-width: 300px) 100vw, 300px\" \/>\t\t\t\t\t\t\t\t\t\t\t<\/div>\n\t\t\t\t<\/div>\n\t\t\t\t<\/div>\n\t\t\t\t\t\t<\/div>\n\t\t\t\t\t<\/div>\n\t\t<\/div>\n\t\t\t\t\t\t\t\t<\/div>\n\t\t\t\t\t<\/div>\n\t\t<\/section>\n\t\t\t\t\t\t<\/div>\n\t\t\t\t\t\t<\/div>\n\t\t\t\t\t<\/div>\n\t\t","protected":false},"excerpt":{"rendered":"<p>MANUAL DO ALUNO E DA FAM\u00cdLIA \u00a0 \u00a0 \u00a0 Clique abaixo e conhe\u00e7a o Manual do Aluno e da Fam\u00edlia do Col\u00e9gio Portal. \u00a0 \u00a0 \u00a0 Todos os alunos dever\u00e3o entregar no primeiro dia de aula o termo de aceite impresso e assinado pelos respons\u00e1veis. \u00a0 \u00a0 \u00a0 \u00a0Este termo localiza-se na \u00faltima p\u00e1gina do &hellip; <a href=\"http:\/\/colegioportal.com.br\/?page_id=70\" class=\"more-link\">Continue lendo <span class=\"screen-reader-text\">Manual do Aluno e da Fam\u00edlia<\/span> <span class=\"meta-nav\">&rarr;<\/span><\/a><\/p>\n","protected":false},"author":1,"featured_media":0,"parent":581,"menu_order":0,"comment_status":"closed","ping_status":"closed","template":"elementor_header_footer","meta":[],"_links":{"self":[{"href":"http:\/\/colegioportal.com.br\/index.php?rest_route=\/wp\/v2\/pages\/70"}],"collection":[{"href":"http:\/\/colegioportal.com.br\/index.php?rest_route=\/wp\/v2\/pages"}],"about":[{"href":"http:\/\/colegioportal.com.br\/index.php?rest_route=\/wp\/v2\/types\/page"}],"author":[{"embeddable":true,"href":"http:\/\/colegioportal.com.br\/index.php?rest_route=\/wp\/v2\/users\/1"}],"replies":[{"embeddable":true,"href":"http:\/\/colegioportal.com.br\/index.php?rest_route=%2Fwp%2Fv2%2Fcomments&post=70"}],"version-history":[{"count":37,"href":"http:\/\/colegioportal.com.br\/index.php?rest_route=\/wp\/v2\/pages\/70\/revisions"}],"predecessor-version":[{"id":1627,"href":"http:\/\/colegioportal.com.br\/index.php?rest_route=\/wp\/v2\/pages\/70\/revisions\/1627"}],"up":[{"embeddable":true,"href":"http:\/\/colegioportal.com.br\/index.php?rest_route=\/wp\/v2\/pages\/581"}],"wp:attachment":[{"href":"http:\/\/colegioportal.com.br\/index.php?rest_route=%2Fwp%2Fv2%2Fmedia&parent=70"}],"curies":[{"name":"wp","href":"https:\/\/api.w.org\/{rel}","templated":true}]}}