{"id":587,"date":"2020-11-16T10:23:32","date_gmt":"2020-11-16T13:23:32","guid":{"rendered":"http:\/\/colegioportal.com.br\/?page_id=587"},"modified":"2022-01-05T15:28:04","modified_gmt":"2022-01-05T18:28:04","slug":"quem-somos","status":"publish","type":"page","link":"http:\/\/colegioportal.com.br\/?page_id=587","title":{"rendered":"Quem Somos"},"content":{"rendered":"\t\t<div data-elementor-type=\"wp-page\" data-elementor-id=\"587\" class=\"elementor elementor-587\" data-elementor-settings=\"[]\">\n\t\t\t\t\t\t<div class=\"elementor-inner\">\n\t\t\t\t\t\t\t<div class=\"elementor-section-wrap\">\n\t\t\t\t\t\t\t<section class=\"elementor-section elementor-top-section elementor-element elementor-element-642d967 elementor-section-boxed elementor-section-height-default elementor-section-height-default\" data-id=\"642d967\" data-element_type=\"section\">\n\t\t\t\t\t\t<div class=\"elementor-container elementor-column-gap-default\">\n\t\t\t\t\t\t\t<div class=\"elementor-row\">\n\t\t\t\t\t<div class=\"elementor-column elementor-col-100 elementor-top-column elementor-element elementor-element-13d9cf4\" data-id=\"13d9cf4\" data-element_type=\"column\">\n\t\t\t<div class=\"elementor-column-wrap elementor-element-populated\">\n\t\t\t\t\t\t\t<div class=\"elementor-widget-wrap\">\n\t\t\t\t\t\t<div class=\"elementor-element elementor-element-0090a8e elementor-widget elementor-widget-heading\" data-id=\"0090a8e\" data-element_type=\"widget\" data-widget_type=\"heading.default\">\n\t\t\t\t<div class=\"elementor-widget-container\">\n\t\t\t<h2 class=\"elementor-heading-title elementor-size-xl\">QUEM SOMOS<\/h2>\t\t<\/div>\n\t\t\t\t<\/div>\n\t\t\t\t\t\t<\/div>\n\t\t\t\t\t<\/div>\n\t\t<\/div>\n\t\t\t\t\t\t\t\t<\/div>\n\t\t\t\t\t<\/div>\n\t\t<\/section>\n\t\t\t\t<section class=\"elementor-section elementor-top-section elementor-element elementor-element-7bda07d elementor-section-boxed elementor-section-height-default elementor-section-height-default\" data-id=\"7bda07d\" data-element_type=\"section\">\n\t\t\t\t\t\t<div class=\"elementor-container elementor-column-gap-default\">\n\t\t\t\t\t\t\t<div class=\"elementor-row\">\n\t\t\t\t\t<div class=\"elementor-column elementor-col-100 elementor-top-column elementor-element elementor-element-d081807\" data-id=\"d081807\" data-element_type=\"column\">\n\t\t\t<div class=\"elementor-column-wrap elementor-element-populated\">\n\t\t\t\t\t\t\t<div class=\"elementor-widget-wrap\">\n\t\t\t\t\t\t<div class=\"elementor-element elementor-element-13d5757 elementor-widget elementor-widget-text-editor\" data-id=\"13d5757\" data-element_type=\"widget\" data-widget_type=\"text-editor.default\">\n\t\t\t\t<div class=\"elementor-widget-container\">\n\t\t\t\t\t<div class=\"elementor-text-editor elementor-clearfix\"><h2 style=\"text-align: center;\">\u00a0 \u00a0 \u00a0 \u00a0 \u00a0 \u00a0 \u00a0 \u00a0<\/h2><p>\u00a0 \u00a0 \u00a0 \u00a0 \u00a0 \u00a0 \u00a0 \u00a0 Instalado no \u00c9den desde 1994, o Col\u00e9gio Portal localiza-se em uma ch\u00e1cara de 4 mil m<sup>2<\/sup>, com grande \u00e1rea verde.<\/p><p>\u00a0 \u00a0 \u00a0 \u00a0 \u00a0 \u00a0 \u00a0 \u00a0 Em 2011, o Col\u00e9gio recebeu uma nova dire\u00e7\u00e3o, com propostas de melhorias e crescimento, voltado para o futuro, unindo tradi\u00e7\u00e3o, inova\u00e7\u00e3o e experi\u00eancia, trazendo para o \u00c9den e regi\u00e3o, uma educa\u00e7\u00e3o de qualidade, forma\u00e7\u00e3o para a cidadania e o preparo que nossas crian\u00e7as precisam e merecem, para ter um futuro brilhante.<\/p><p>\u00a0 \u00a0 \u00a0 \u00a0 \u00a0 \u00a0 \u00a0 \u00a0 O Col\u00e9gio trabalha com uma proposta pedag\u00f3gica inovadora, tendo como pressuposto fundamental a aprendizagem significativa para o aluno. Entendemos ser admiss\u00edvel pensar a alfabetiza\u00e7\u00e3o em uma perspectiva que garanta a ludicidade necess\u00e1ria na pedagogia direcionada \u00e0 inf\u00e2ncia.<\/p><p>\u00a0 \u00a0 \u00a0 \u00a0 \u00a0 \u00a0 \u00a0 \u00a0Ao admitir que a crian\u00e7a pensa a escrita muito antes de sua apresenta\u00e7\u00e3o formal pela escola, julgamos que o trabalho pedag\u00f3gico deva aproveitar essa viv\u00eancia e ampli\u00e1-la, com o cuidado de assegurar que isso ocorra em situa\u00e7\u00f5es significativas e adequadas para crian\u00e7as em fase de alfabetiza\u00e7\u00e3o.<\/p><p><strong>\u00a0<\/strong><\/p><p><strong>\u00a0 \u00a0 \u00a0 \u00a0 \u00a0 \u00a0 \u00a0NOSSA MISS\u00c3O<\/strong><\/p><p>\u00a0 \u00a0 \u00a0 \u00a0 \u00a0 \u00a0 \u00a0 Proporcionar aos alunos, pais e professores o contato com a cultura e o conhecimento, a fim de formar cidad\u00e3os cr\u00edticos, participativos, livres de preconceitos e conscientes de suas responsabilidades frente \u00e0 fam\u00edlia, \u00e0 sociedade, ao meio ambiente e que acima de tudo, sejam pessoas felizes.<\/p><p><strong>\u00a0 \u00a0 \u00a0 \u00a0 \u00a0 \u00a0 NOSSOS VALORES<\/strong><\/p><p>\u00a0 \u00a0 \u00a0 \u00a0 \u00a0 \u00a0 \u00a0Ser reconhecido como o melhor col\u00e9gio da Zona Industrial de Sorocaba, um local onde os alunos, pais e professores tenham prazer de frequentar, descobrir e trocar informa\u00e7\u00f5es e conhecimento sobre cultura, sociedade e meio ambiente.<\/p><\/div>\n\t\t\t\t<\/div>\n\t\t\t\t<\/div>\n\t\t\t\t\t\t<\/div>\n\t\t\t\t\t<\/div>\n\t\t<\/div>\n\t\t\t\t\t\t\t\t<\/div>\n\t\t\t\t\t<\/div>\n\t\t<\/section>\n\t\t\t\t<section class=\"elementor-section elementor-top-section elementor-element elementor-element-2749f78 elementor-section-boxed elementor-section-height-default elementor-section-height-default\" data-id=\"2749f78\" data-element_type=\"section\">\n\t\t\t\t\t\t<div class=\"elementor-container elementor-column-gap-default\">\n\t\t\t\t\t\t\t<div class=\"elementor-row\">\n\t\t\t\t\t<div class=\"elementor-column elementor-col-50 elementor-top-column elementor-element elementor-element-dbec93e\" data-id=\"dbec93e\" data-element_type=\"column\">\n\t\t\t<div class=\"elementor-column-wrap elementor-element-populated\">\n\t\t\t\t\t\t\t<div class=\"elementor-widget-wrap\">\n\t\t\t\t\t\t<div class=\"elementor-element elementor-element-242252d elementor-widget elementor-widget-image\" data-id=\"242252d\" data-element_type=\"widget\" data-widget_type=\"image.default\">\n\t\t\t\t<div class=\"elementor-widget-container\">\n\t\t\t\t\t<div class=\"elementor-image\">\n\t\t\t\t\t\t\t\t\t\t<img width=\"600\" height=\"600\" src=\"http:\/\/colegioportal.com.br\/wp-content\/uploads\/2020\/11\/formas-geometricas-600x600.jpg\" class=\"attachment-large size-large\" alt=\"\" loading=\"lazy\" srcset=\"http:\/\/colegioportal.com.br\/wp-content\/uploads\/2020\/11\/formas-geometricas-600x600.jpg 600w, http:\/\/colegioportal.com.br\/wp-content\/uploads\/2020\/11\/formas-geometricas-300x300.jpg 300w, http:\/\/colegioportal.com.br\/wp-content\/uploads\/2020\/11\/formas-geometricas-150x150.jpg 150w, http:\/\/colegioportal.com.br\/wp-content\/uploads\/2020\/11\/formas-geometricas-768x768.jpg 768w, http:\/\/colegioportal.com.br\/wp-content\/uploads\/2020\/11\/formas-geometricas.jpg 1080w\" sizes=\"(max-width: 600px) 100vw, 600px\" \/>\t\t\t\t\t\t\t\t\t\t\t<\/div>\n\t\t\t\t<\/div>\n\t\t\t\t<\/div>\n\t\t\t\t\t\t<\/div>\n\t\t\t\t\t<\/div>\n\t\t<\/div>\n\t\t\t\t<div class=\"elementor-column elementor-col-50 elementor-top-column elementor-element elementor-element-c752667\" data-id=\"c752667\" data-element_type=\"column\">\n\t\t\t<div class=\"elementor-column-wrap elementor-element-populated\">\n\t\t\t\t\t\t\t<div class=\"elementor-widget-wrap\">\n\t\t\t\t\t\t<div class=\"elementor-element elementor-element-5939925 elementor-widget elementor-widget-image\" data-id=\"5939925\" data-element_type=\"widget\" data-widget_type=\"image.default\">\n\t\t\t\t<div class=\"elementor-widget-container\">\n\t\t\t\t\t<div class=\"elementor-image\">\n\t\t\t\t\t\t\t\t\t\t<img width=\"600\" height=\"600\" src=\"http:\/\/colegioportal.com.br\/wp-content\/uploads\/2020\/11\/FOTO-HORTA-600x600.jpg\" class=\"attachment-large size-large\" alt=\"\" loading=\"lazy\" srcset=\"http:\/\/colegioportal.com.br\/wp-content\/uploads\/2020\/11\/FOTO-HORTA-600x600.jpg 600w, http:\/\/colegioportal.com.br\/wp-content\/uploads\/2020\/11\/FOTO-HORTA-300x300.jpg 300w, http:\/\/colegioportal.com.br\/wp-content\/uploads\/2020\/11\/FOTO-HORTA-150x150.jpg 150w, http:\/\/colegioportal.com.br\/wp-content\/uploads\/2020\/11\/FOTO-HORTA-768x768.jpg 768w, http:\/\/colegioportal.com.br\/wp-content\/uploads\/2020\/11\/FOTO-HORTA.jpg 1080w\" sizes=\"(max-width: 600px) 100vw, 600px\" \/>\t\t\t\t\t\t\t\t\t\t\t<\/div>\n\t\t\t\t<\/div>\n\t\t\t\t<\/div>\n\t\t\t\t\t\t<\/div>\n\t\t\t\t\t<\/div>\n\t\t<\/div>\n\t\t\t\t\t\t\t\t<\/div>\n\t\t\t\t\t<\/div>\n\t\t<\/section>\n\t\t\t\t<section class=\"elementor-section elementor-top-section elementor-element elementor-element-9264bce elementor-section-boxed elementor-section-height-default elementor-section-height-default\" data-id=\"9264bce\" data-element_type=\"section\">\n\t\t\t\t\t\t<div class=\"elementor-container elementor-column-gap-default\">\n\t\t\t\t\t\t\t<div class=\"elementor-row\">\n\t\t\t\t\t<div class=\"elementor-column elementor-col-100 elementor-top-column elementor-element elementor-element-d47154d\" data-id=\"d47154d\" data-element_type=\"column\">\n\t\t\t<div class=\"elementor-column-wrap elementor-element-populated\">\n\t\t\t\t\t\t\t<div class=\"elementor-widget-wrap\">\n\t\t\t\t\t\t<div class=\"elementor-element elementor-element-09f5129 elementor-widget elementor-widget-image\" data-id=\"09f5129\" data-element_type=\"widget\" data-widget_type=\"image.default\">\n\t\t\t\t<div class=\"elementor-widget-container\">\n\t\t\t\t\t<div class=\"elementor-image\">\n\t\t\t\t\t\t\t\t\t\t<img width=\"300\" height=\"93\" src=\"http:\/\/colegioportal.com.br\/wp-content\/uploads\/2022\/01\/logo-portal-novo-300x93.jpg\" class=\"attachment-medium size-medium\" alt=\"\" loading=\"lazy\" srcset=\"http:\/\/colegioportal.com.br\/wp-content\/uploads\/2022\/01\/logo-portal-novo-300x93.jpg 300w, http:\/\/colegioportal.com.br\/wp-content\/uploads\/2022\/01\/logo-portal-novo-600x186.jpg 600w, http:\/\/colegioportal.com.br\/wp-content\/uploads\/2022\/01\/logo-portal-novo-768x238.jpg 768w, http:\/\/colegioportal.com.br\/wp-content\/uploads\/2022\/01\/logo-portal-novo.jpg 1280w\" sizes=\"(max-width: 300px) 100vw, 300px\" \/>\t\t\t\t\t\t\t\t\t\t\t<\/div>\n\t\t\t\t<\/div>\n\t\t\t\t<\/div>\n\t\t\t\t\t\t<\/div>\n\t\t\t\t\t<\/div>\n\t\t<\/div>\n\t\t\t\t\t\t\t\t<\/div>\n\t\t\t\t\t<\/div>\n\t\t<\/section>\n\t\t\t\t\t\t<\/div>\n\t\t\t\t\t\t<\/div>\n\t\t\t\t\t<\/div>\n\t\t","protected":false},"excerpt":{"rendered":"<p>QUEM SOMOS \u00a0 \u00a0 \u00a0 \u00a0 \u00a0 \u00a0 \u00a0 \u00a0 \u00a0 \u00a0 \u00a0 \u00a0 \u00a0 \u00a0 \u00a0 \u00a0 Instalado no \u00c9den desde 1994, o Col\u00e9gio Portal localiza-se em uma ch\u00e1cara de 4 mil m2, com grande \u00e1rea verde. \u00a0 \u00a0 \u00a0 \u00a0 \u00a0 \u00a0 \u00a0 \u00a0 Em 2011, o Col\u00e9gio recebeu uma nova dire\u00e7\u00e3o, com &hellip; <a href=\"http:\/\/colegioportal.com.br\/?page_id=587\" class=\"more-link\">Continue lendo <span class=\"screen-reader-text\">Quem Somos<\/span> <span class=\"meta-nav\">&rarr;<\/span><\/a><\/p>\n","protected":false},"author":1,"featured_media":0,"parent":0,"menu_order":0,"comment_status":"closed","ping_status":"closed","template":"elementor_header_footer","meta":[],"_links":{"self":[{"href":"http:\/\/colegioportal.com.br\/index.php?rest_route=\/wp\/v2\/pages\/587"}],"collection":[{"href":"http:\/\/colegioportal.com.br\/index.php?rest_route=\/wp\/v2\/pages"}],"about":[{"href":"http:\/\/colegioportal.com.br\/index.php?rest_route=\/wp\/v2\/types\/page"}],"author":[{"embeddable":true,"href":"http:\/\/colegioportal.com.br\/index.php?rest_route=\/wp\/v2\/users\/1"}],"replies":[{"embeddable":true,"href":"http:\/\/colegioportal.com.br\/index.php?rest_route=%2Fwp%2Fv2%2Fcomments&post=587"}],"version-history":[{"count":14,"href":"http:\/\/colegioportal.com.br\/index.php?rest_route=\/wp\/v2\/pages\/587\/revisions"}],"predecessor-version":[{"id":1077,"href":"http:\/\/colegioportal.com.br\/index.php?rest_route=\/wp\/v2\/pages\/587\/revisions\/1077"}],"wp:attachment":[{"href":"http:\/\/colegioportal.com.br\/index.php?rest_route=%2Fwp%2Fv2%2Fmedia&parent=587"}],"curies":[{"name":"wp","href":"https:\/\/api.w.org\/{rel}","templated":true}]}}