{"id":39,"date":"2016-09-16T20:07:23","date_gmt":"2016-09-16T23:07:23","guid":{"rendered":"http:\/\/colegioportal.com.br\/?page_id=39"},"modified":"2022-01-05T15:24:48","modified_gmt":"2022-01-05T18:24:48","slug":"turmas","status":"publish","type":"page","link":"http:\/\/colegioportal.com.br\/?page_id=39","title":{"rendered":"Turmas"},"content":{"rendered":"\t\t<div data-elementor-type=\"wp-page\" data-elementor-id=\"39\" class=\"elementor elementor-39\" data-elementor-settings=\"[]\">\n\t\t\t\t\t\t<div class=\"elementor-inner\">\n\t\t\t\t\t\t\t<div class=\"elementor-section-wrap\">\n\t\t\t\t\t\t\t<section class=\"elementor-section elementor-top-section elementor-element elementor-element-86e8f1e elementor-section-boxed elementor-section-height-default elementor-section-height-default\" data-id=\"86e8f1e\" data-element_type=\"section\">\n\t\t\t\t\t\t<div class=\"elementor-container elementor-column-gap-default\">\n\t\t\t\t\t\t\t<div class=\"elementor-row\">\n\t\t\t\t\t<div class=\"elementor-column elementor-col-100 elementor-top-column elementor-element elementor-element-7b2b67f\" data-id=\"7b2b67f\" data-element_type=\"column\">\n\t\t\t<div class=\"elementor-column-wrap elementor-element-populated\">\n\t\t\t\t\t\t\t<div class=\"elementor-widget-wrap\">\n\t\t\t\t\t\t<div class=\"elementor-element elementor-element-a1cdeeb elementor-widget elementor-widget-heading\" data-id=\"a1cdeeb\" data-element_type=\"widget\" data-widget_type=\"heading.default\">\n\t\t\t\t<div class=\"elementor-widget-container\">\n\t\t\t<h2 class=\"elementor-heading-title elementor-size-default\">NOSSAS TURMAS<\/h2>\t\t<\/div>\n\t\t\t\t<\/div>\n\t\t\t\t\t\t<\/div>\n\t\t\t\t\t<\/div>\n\t\t<\/div>\n\t\t\t\t\t\t\t\t<\/div>\n\t\t\t\t\t<\/div>\n\t\t<\/section>\n\t\t\t\t<section class=\"elementor-section elementor-top-section elementor-element elementor-element-e4b6b04 elementor-section-boxed elementor-section-height-default elementor-section-height-default\" data-id=\"e4b6b04\" data-element_type=\"section\">\n\t\t\t\t\t\t<div class=\"elementor-container elementor-column-gap-default\">\n\t\t\t\t\t\t\t<div class=\"elementor-row\">\n\t\t\t\t\t<div class=\"elementor-column elementor-col-100 elementor-top-column elementor-element elementor-element-503212ae\" data-id=\"503212ae\" data-element_type=\"column\">\n\t\t\t<div class=\"elementor-column-wrap elementor-element-populated\">\n\t\t\t\t\t\t\t<div class=\"elementor-widget-wrap\">\n\t\t\t\t\t\t<div class=\"elementor-element elementor-element-3e440bda elementor-widget elementor-widget-text-editor\" data-id=\"3e440bda\" data-element_type=\"widget\" data-widget_type=\"text-editor.default\">\n\t\t\t\t<div class=\"elementor-widget-container\">\n\t\t\t\t\t<div class=\"elementor-text-editor elementor-clearfix\"><h4 style=\"text-align: center;\">EDUCA\u00c7\u00c3O INFANTIL &#8211; 2 a 5 anos<\/h4><p style=\"text-align: center;\"><img loading=\"lazy\" class=\"aligncenter wp-image-235\" src=\"http:\/\/colegioportal.com.br\/wp-content\/uploads\/2016\/09\/Kindergarten-Kids-600x253.jpg\" alt=\"Kindergarten-Kids\" width=\"417\" height=\"176\" srcset=\"http:\/\/colegioportal.com.br\/wp-content\/uploads\/2016\/09\/Kindergarten-Kids-600x253.jpg 600w, http:\/\/colegioportal.com.br\/wp-content\/uploads\/2016\/09\/Kindergarten-Kids-300x126.jpg 300w, http:\/\/colegioportal.com.br\/wp-content\/uploads\/2016\/09\/Kindergarten-Kids.jpg 620w\" sizes=\"(max-width: 417px) 100vw, 417px\" \/><\/p><p style=\"text-align: justify;\">Considerada por v\u00e1rios estudiosos da Educa\u00e7\u00e3o a fase mais importante de nossas vidas, \u00e9 na Inf\u00e2ncia que os primeiros conceitos e valores s\u00e3o formados, e nos acompanhar\u00e3o por toda a vida.<\/p><p style=\"text-align: justify;\">No COL\u00c9GIO PORTAL, a Educa\u00e7\u00e3o Infantil \u00e9 vista como uma fase de descobertas e forma\u00e7\u00e3o, onde a crian\u00e7a tem a oportunidade de entrar em contato com diversas experi\u00eancias sensoriais, motoras, art\u00edsticas e cognitivas. Divididas em pequenas turmas as crian\u00e7as t\u00eam acompanhamento de uma equipe qualificada formada pela professora da turma, professor de Educa\u00e7\u00e3o F\u00edsica, professora de M\u00fasica e professora de Ingl\u00eas.<\/p><p style=\"text-align: justify;\">As aulas acontecem em salas adaptadas para o tamanho das crian\u00e7as, e todos os espa\u00e7os do col\u00e9gio s\u00e3o explorados: bosque, horta, viveiro, quadra, palco, parque, sala de inform\u00e1tica e gramado.<\/p><p style=\"text-align: justify;\">Venha conhecer nossas instala\u00e7\u00f5es e nosso modelo de ensino!<\/p><h4 style=\"text-align: justify;\">\u00a0<\/h4><h4 style=\"text-align: center;\">ENSINO FUNDAMENTAL 1 &#8211; 1\u00ba ao 5\u00ba ano<\/h4><p style=\"text-align: center;\"><img loading=\"lazy\" class=\"aligncenter wp-image-237\" src=\"http:\/\/colegioportal.com.br\/wp-content\/uploads\/2016\/09\/regreso-a-clases-600x291.jpg\" alt=\"regreso-a-clases\" width=\"495\" height=\"240\" srcset=\"http:\/\/colegioportal.com.br\/wp-content\/uploads\/2016\/09\/regreso-a-clases.jpg 600w, http:\/\/colegioportal.com.br\/wp-content\/uploads\/2016\/09\/regreso-a-clases-300x146.jpg 300w\" sizes=\"(max-width: 495px) 100vw, 495px\" \/><\/p><p style=\"text-align: justify;\">A fase de alfabetiza\u00e7\u00e3o acontece nos primeiros anos do Ensino Fundamental. O contato com diferentes tipos de textos e a resolu\u00e7\u00e3o de problemas permite \u00e0 crian\u00e7a criar conex\u00f5es entre o que j\u00e1 sabe, o que est\u00e1 sendo ensinado e o que ela pode descobrir. Gra\u00e7as \u00e0s aulas diferenciadas de M\u00fasica, Ingl\u00eas, Educa\u00e7\u00e3o F\u00edsica, Artes, Educa\u00e7\u00e3o Ambiental e Educa\u00e7\u00e3o Tecnol\u00f3gica, as disciplinas tradicionais como L\u00edngua Portuguesa, Matem\u00e1tica e Ci\u00eancias ganham mais sentido e significado, colocando-se em pr\u00e1tica todo o conhecimento adquirido.<\/p><h4 style=\"text-align: justify;\">\u00a0<\/h4><h4 style=\"text-align: center;\">ENSINO FUNDAMENTAL 2 &#8211; 6\u00ba ao 9\u00ba ano<\/h4><p style=\"text-align: center;\"><img loading=\"lazy\" class=\"aligncenter wp-image-240\" src=\"http:\/\/colegioportal.com.br\/wp-content\/uploads\/2016\/09\/shkola1-600x299.jpg\" alt=\"shkola1\" width=\"474\" height=\"236\" srcset=\"http:\/\/colegioportal.com.br\/wp-content\/uploads\/2016\/09\/shkola1-600x299.jpg 600w, http:\/\/colegioportal.com.br\/wp-content\/uploads\/2016\/09\/shkola1-300x149.jpg 300w, http:\/\/colegioportal.com.br\/wp-content\/uploads\/2016\/09\/shkola1-768x382.jpg 768w, http:\/\/colegioportal.com.br\/wp-content\/uploads\/2016\/09\/shkola1.jpg 1004w\" sizes=\"(max-width: 474px) 100vw, 474px\" \/><\/p><p style=\"text-align: justify;\">Nas s\u00e9ries finais do Ensino Fundamental, os conhecimentos adquiridos s\u00e3o solidificados e diversificados. Com o aux\u00edlio de professores especialistas, cada estudante expande seu conhecimento de mundo, com aulas pr\u00e1ticas, rodas de debates, leituras de textos variados e resolu\u00e7\u00e3o de problemas. No COL\u00c9GIO PORTAL, al\u00e9m das aulas regulares, as aulas de Rob\u00f3tica auxiliam na aplica\u00e7\u00e3o de conhecimentos da Matem\u00e1tica, F\u00edsica, Ci\u00eancias e L\u00ednguas, al\u00e9m de desenvolver o trabalho em equipe e o planejamento estrat\u00e9gico. Ao final deste ciclo, nossos alunos s\u00e3o capazes de compreender a sociedade em que vivem e est\u00e3o aptos a ingressar em qualquer curso do Ensino M\u00e9dio.<\/p><h4 style=\"text-align: center;\">PER\u00cdODO INTEGRAL &#8211; 2 anos ao 4\u00ba ano<\/h4><p style=\"text-align: center;\"><img loading=\"lazy\" class=\"aligncenter wp-image-242\" src=\"http:\/\/colegioportal.com.br\/wp-content\/uploads\/2016\/09\/kids-strength-600x398.jpg\" alt=\"kids-strength\" width=\"392\" height=\"260\" srcset=\"http:\/\/colegioportal.com.br\/wp-content\/uploads\/2016\/09\/kids-strength-600x398.jpg 600w, http:\/\/colegioportal.com.br\/wp-content\/uploads\/2016\/09\/kids-strength-300x199.jpg 300w, http:\/\/colegioportal.com.br\/wp-content\/uploads\/2016\/09\/kids-strength-768x509.jpg 768w, http:\/\/colegioportal.com.br\/wp-content\/uploads\/2016\/09\/kids-strength.jpg 1600w\" sizes=\"(max-width: 392px) 100vw, 392px\" \/><\/p><p style=\"text-align: justify;\">Para as fam\u00edlias que necessitam deixar seus filhos por um per\u00edodo maior que o regular, o COL\u00c9GIO PORTAL conta com excelentes profissionais que acompanham as crian\u00e7as com Oficinas, Projetos, Atividades Pedag\u00f3gicas e de Lazer, aliando a divers\u00e3o com o aprendizado, al\u00e9m de acompanhamento durante as\u00a0refei\u00e7\u00f5es servidas no col\u00e9gio, com supervis\u00e3o de nossa nutricionista Renata Santos &#8211; CRN 250-50.<\/p><p><img loading=\"lazy\" class=\"aligncenter size-large wp-image-1068\" src=\"http:\/\/colegioportal.com.br\/wp-content\/uploads\/2022\/01\/logo-portal-novo-2-600x186.jpg\" alt=\"\" width=\"600\" height=\"186\" srcset=\"http:\/\/colegioportal.com.br\/wp-content\/uploads\/2022\/01\/logo-portal-novo-2-600x186.jpg 600w, http:\/\/colegioportal.com.br\/wp-content\/uploads\/2022\/01\/logo-portal-novo-2-300x93.jpg 300w, http:\/\/colegioportal.com.br\/wp-content\/uploads\/2022\/01\/logo-portal-novo-2-768x238.jpg 768w, http:\/\/colegioportal.com.br\/wp-content\/uploads\/2022\/01\/logo-portal-novo-2.jpg 1280w\" sizes=\"(max-width: 600px) 100vw, 600px\" \/><\/p><p>\u00a0<\/p><p style=\"text-align: center;\"><a href=\"http:\/\/colegioportal.com.br\/?page_id=21\">clique aqui e agende uma visita!<\/a><\/p><\/div>\n\t\t\t\t<\/div>\n\t\t\t\t<\/div>\n\t\t\t\t\t\t<\/div>\n\t\t\t\t\t<\/div>\n\t\t<\/div>\n\t\t\t\t\t\t\t\t<\/div>\n\t\t\t\t\t<\/div>\n\t\t<\/section>\n\t\t\t\t\t\t<\/div>\n\t\t\t\t\t\t<\/div>\n\t\t\t\t\t<\/div>\n\t\t","protected":false},"excerpt":{"rendered":"<p>NOSSAS TURMAS EDUCA\u00c7\u00c3O INFANTIL &#8211; 2 a 5 anos Considerada por v\u00e1rios estudiosos da Educa\u00e7\u00e3o a fase mais importante de nossas vidas, \u00e9 na Inf\u00e2ncia que os primeiros conceitos e valores s\u00e3o formados, e nos acompanhar\u00e3o por toda a vida. No COL\u00c9GIO PORTAL, a Educa\u00e7\u00e3o Infantil \u00e9 vista como uma fase de descobertas e forma\u00e7\u00e3o, &hellip; <a href=\"http:\/\/colegioportal.com.br\/?page_id=39\" class=\"more-link\">Continue lendo <span class=\"screen-reader-text\">Turmas<\/span> <span class=\"meta-nav\">&rarr;<\/span><\/a><\/p>\n","protected":false},"author":1,"featured_media":0,"parent":579,"menu_order":0,"comment_status":"closed","ping_status":"closed","template":"elementor_header_footer","meta":[],"_links":{"self":[{"href":"http:\/\/colegioportal.com.br\/index.php?rest_route=\/wp\/v2\/pages\/39"}],"collection":[{"href":"http:\/\/colegioportal.com.br\/index.php?rest_route=\/wp\/v2\/pages"}],"about":[{"href":"http:\/\/colegioportal.com.br\/index.php?rest_route=\/wp\/v2\/types\/page"}],"author":[{"embeddable":true,"href":"http:\/\/colegioportal.com.br\/index.php?rest_route=\/wp\/v2\/users\/1"}],"replies":[{"embeddable":true,"href":"http:\/\/colegioportal.com.br\/index.php?rest_route=%2Fwp%2Fv2%2Fcomments&post=39"}],"version-history":[{"count":25,"href":"http:\/\/colegioportal.com.br\/index.php?rest_route=\/wp\/v2\/pages\/39\/revisions"}],"predecessor-version":[{"id":1071,"href":"http:\/\/colegioportal.com.br\/index.php?rest_route=\/wp\/v2\/pages\/39\/revisions\/1071"}],"up":[{"embeddable":true,"href":"http:\/\/colegioportal.com.br\/index.php?rest_route=\/wp\/v2\/pages\/579"}],"wp:attachment":[{"href":"http:\/\/colegioportal.com.br\/index.php?rest_route=%2Fwp%2Fv2%2Fmedia&parent=39"}],"curies":[{"name":"wp","href":"https:\/\/api.w.org\/{rel}","templated":true}]}}