{"id":36,"date":"2016-09-16T20:06:38","date_gmt":"2016-09-16T23:06:38","guid":{"rendered":"http:\/\/colegioportal.com.br\/?page_id=36"},"modified":"2026-04-27T08:57:18","modified_gmt":"2026-04-27T11:57:18","slug":"cardapio","status":"publish","type":"page","link":"http:\/\/colegioportal.com.br\/?page_id=36","title":{"rendered":"Card\u00e1pio"},"content":{"rendered":"\t\t<div data-elementor-type=\"wp-page\" data-elementor-id=\"36\" class=\"elementor elementor-36\" data-elementor-settings=\"[]\">\n\t\t\t\t\t\t<div class=\"elementor-inner\">\n\t\t\t\t\t\t\t<div class=\"elementor-section-wrap\">\n\t\t\t\t\t\t\t<section class=\"elementor-section elementor-top-section elementor-element elementor-element-daa3de6 elementor-section-boxed elementor-section-height-default elementor-section-height-default\" data-id=\"daa3de6\" data-element_type=\"section\">\n\t\t\t\t\t\t<div class=\"elementor-container elementor-column-gap-default\">\n\t\t\t\t\t\t\t<div class=\"elementor-row\">\n\t\t\t\t\t<div class=\"elementor-column elementor-col-100 elementor-top-column elementor-element elementor-element-4cc0f3d\" data-id=\"4cc0f3d\" data-element_type=\"column\">\n\t\t\t<div class=\"elementor-column-wrap elementor-element-populated\">\n\t\t\t\t\t\t\t<div class=\"elementor-widget-wrap\">\n\t\t\t\t\t\t<div class=\"elementor-element elementor-element-c34092a elementor-widget elementor-widget-heading\" data-id=\"c34092a\" data-element_type=\"widget\" data-widget_type=\"heading.default\">\n\t\t\t\t<div class=\"elementor-widget-container\">\n\t\t\t<h2 class=\"elementor-heading-title elementor-size-default\">CARD\u00c1PIO<\/h2>\t\t<\/div>\n\t\t\t\t<\/div>\n\t\t\t\t\t\t<\/div>\n\t\t\t\t\t<\/div>\n\t\t<\/div>\n\t\t\t\t\t\t\t\t<\/div>\n\t\t\t\t\t<\/div>\n\t\t<\/section>\n\t\t\t\t<section class=\"elementor-section elementor-top-section elementor-element elementor-element-6ec50293 elementor-section-boxed elementor-section-height-default elementor-section-height-default\" data-id=\"6ec50293\" data-element_type=\"section\">\n\t\t\t\t\t\t<div class=\"elementor-container elementor-column-gap-default\">\n\t\t\t\t\t\t\t<div class=\"elementor-row\">\n\t\t\t\t\t<div class=\"elementor-column elementor-col-100 elementor-top-column elementor-element elementor-element-7210f786\" data-id=\"7210f786\" data-element_type=\"column\">\n\t\t\t<div class=\"elementor-column-wrap elementor-element-populated\">\n\t\t\t\t\t\t\t<div class=\"elementor-widget-wrap\">\n\t\t\t\t\t\t<div class=\"elementor-element elementor-element-30b2aa96 elementor-widget elementor-widget-text-editor\" data-id=\"30b2aa96\" data-element_type=\"widget\" data-widget_type=\"text-editor.default\">\n\t\t\t\t<div class=\"elementor-widget-container\">\n\t\t\t\t\t<div class=\"elementor-text-editor elementor-clearfix\"><p>Clique abaixo e confira o nosso card\u00e1pio, organizado e supervisionado por nossa nutricionista Renata Santos &#8211; CRN 250-5<\/p><p><a href=\"http:\/\/colegioportal.com.br\/wp-content\/uploads\/2026\/01\/Cardapio-Janeiro.pdf\">Card\u00e1pio Janeiro 2026<\/a><\/p><p><a href=\"http:\/\/colegioportal.com.br\/wp-content\/uploads\/2026\/01\/Cardapio-Fevereiro-2026.pdf\">Card\u00e1pio Fevereiro 2026<\/a><\/p><p><a href=\"http:\/\/colegioportal.com.br\/wp-content\/uploads\/2026\/01\/Cardapio-Marco.pdf\">Card\u00e1pio Mar\u00e7o 2026<\/a><\/p><p><a href=\"http:\/\/colegioportal.com.br\/wp-content\/uploads\/2026\/04\/Cardapio-Abril.pdf\">Card\u00e1pio Abril 2026<\/a>\u00a0<\/p><p><a href=\"http:\/\/colegioportal.com.br\/wp-content\/uploads\/2026\/04\/Cardapio-Maio.pdf\">Card\u00e1pio Maio 2026<\/a><\/p><p><a href=\"http:\/\/colegioportal.com.br\/wp-content\/uploads\/2026\/04\/Cardapio-Junho.pdf\">Card\u00e1pio Junho 2026<\/a><\/p><p style=\"text-align: center;\">\u00a0<\/p><\/div>\n\t\t\t\t<\/div>\n\t\t\t\t<\/div>\n\t\t\t\t\t\t<\/div>\n\t\t\t\t\t<\/div>\n\t\t<\/div>\n\t\t\t\t\t\t\t\t<\/div>\n\t\t\t\t\t<\/div>\n\t\t<\/section>\n\t\t\t\t<section class=\"elementor-section elementor-top-section elementor-element elementor-element-5124884 elementor-section-boxed elementor-section-height-default elementor-section-height-default\" data-id=\"5124884\" data-element_type=\"section\">\n\t\t\t\t\t\t<div class=\"elementor-container elementor-column-gap-default\">\n\t\t\t\t\t\t\t<div class=\"elementor-row\">\n\t\t\t\t\t<div class=\"elementor-column elementor-col-100 elementor-top-column elementor-element elementor-element-0286d9d\" data-id=\"0286d9d\" data-element_type=\"column\">\n\t\t\t<div class=\"elementor-column-wrap elementor-element-populated\">\n\t\t\t\t\t\t\t<div class=\"elementor-widget-wrap\">\n\t\t\t\t\t\t<div class=\"elementor-element elementor-element-c8c8913 elementor-widget elementor-widget-image\" data-id=\"c8c8913\" data-element_type=\"widget\" data-widget_type=\"image.default\">\n\t\t\t\t<div class=\"elementor-widget-container\">\n\t\t\t\t\t<div class=\"elementor-image\">\n\t\t\t\t\t\t\t\t\t\t<img width=\"300\" height=\"93\" src=\"http:\/\/colegioportal.com.br\/wp-content\/uploads\/2022\/01\/logo-portal-novo-300x93.jpg\" class=\"attachment-medium size-medium\" alt=\"\" loading=\"lazy\" srcset=\"http:\/\/colegioportal.com.br\/wp-content\/uploads\/2022\/01\/logo-portal-novo-300x93.jpg 300w, http:\/\/colegioportal.com.br\/wp-content\/uploads\/2022\/01\/logo-portal-novo-600x186.jpg 600w, http:\/\/colegioportal.com.br\/wp-content\/uploads\/2022\/01\/logo-portal-novo-768x238.jpg 768w, http:\/\/colegioportal.com.br\/wp-content\/uploads\/2022\/01\/logo-portal-novo.jpg 1280w\" sizes=\"(max-width: 300px) 100vw, 300px\" \/>\t\t\t\t\t\t\t\t\t\t\t<\/div>\n\t\t\t\t<\/div>\n\t\t\t\t<\/div>\n\t\t\t\t\t\t<\/div>\n\t\t\t\t\t<\/div>\n\t\t<\/div>\n\t\t\t\t\t\t\t\t<\/div>\n\t\t\t\t\t<\/div>\n\t\t<\/section>\n\t\t\t\t\t\t<\/div>\n\t\t\t\t\t\t<\/div>\n\t\t\t\t\t<\/div>\n\t\t","protected":false},"excerpt":{"rendered":"<p>CARD\u00c1PIO Clique abaixo e confira o nosso card\u00e1pio, organizado e supervisionado por nossa nutricionista Renata Santos &#8211; CRN 250-5 Card\u00e1pio Janeiro 2026 Card\u00e1pio Fevereiro 2026 Card\u00e1pio Mar\u00e7o 2026 Card\u00e1pio Abril 2026\u00a0 Card\u00e1pio Maio 2026 Card\u00e1pio Junho 2026 \u00a0<\/p>\n","protected":false},"author":1,"featured_media":0,"parent":581,"menu_order":0,"comment_status":"closed","ping_status":"closed","template":"elementor_header_footer","meta":[],"_links":{"self":[{"href":"http:\/\/colegioportal.com.br\/index.php?rest_route=\/wp\/v2\/pages\/36"}],"collection":[{"href":"http:\/\/colegioportal.com.br\/index.php?rest_route=\/wp\/v2\/pages"}],"about":[{"href":"http:\/\/colegioportal.com.br\/index.php?rest_route=\/wp\/v2\/types\/page"}],"author":[{"embeddable":true,"href":"http:\/\/colegioportal.com.br\/index.php?rest_route=\/wp\/v2\/users\/1"}],"replies":[{"embeddable":true,"href":"http:\/\/colegioportal.com.br\/index.php?rest_route=%2Fwp%2Fv2%2Fcomments&post=36"}],"version-history":[{"count":126,"href":"http:\/\/colegioportal.com.br\/index.php?rest_route=\/wp\/v2\/pages\/36\/revisions"}],"predecessor-version":[{"id":1665,"href":"http:\/\/colegioportal.com.br\/index.php?rest_route=\/wp\/v2\/pages\/36\/revisions\/1665"}],"up":[{"embeddable":true,"href":"http:\/\/colegioportal.com.br\/index.php?rest_route=\/wp\/v2\/pages\/581"}],"wp:attachment":[{"href":"http:\/\/colegioportal.com.br\/index.php?rest_route=%2Fwp%2Fv2%2Fmedia&parent=36"}],"curies":[{"name":"wp","href":"https:\/\/api.w.org\/{rel}","templated":true}]}}