{"id":34,"date":"2016-09-16T20:05:49","date_gmt":"2016-09-16T23:05:49","guid":{"rendered":"http:\/\/colegioportal.com.br\/?page_id=34"},"modified":"2026-03-19T16:03:45","modified_gmt":"2026-03-19T19:03:45","slug":"calendario-e-horarios","status":"publish","type":"page","link":"http:\/\/colegioportal.com.br\/?page_id=34","title":{"rendered":"Calend\u00e1rio e Hor\u00e1rios"},"content":{"rendered":"\t\t<div data-elementor-type=\"wp-page\" data-elementor-id=\"34\" class=\"elementor elementor-34\" data-elementor-settings=\"[]\">\n\t\t\t\t\t\t<div class=\"elementor-inner\">\n\t\t\t\t\t\t\t<div class=\"elementor-section-wrap\">\n\t\t\t\t\t\t\t<section class=\"elementor-section elementor-top-section elementor-element elementor-element-87b224f elementor-section-boxed elementor-section-height-default elementor-section-height-default\" data-id=\"87b224f\" data-element_type=\"section\">\n\t\t\t\t\t\t<div class=\"elementor-container elementor-column-gap-default\">\n\t\t\t\t\t\t\t<div class=\"elementor-row\">\n\t\t\t\t\t<div class=\"elementor-column elementor-col-100 elementor-top-column elementor-element elementor-element-51ebc5c\" data-id=\"51ebc5c\" data-element_type=\"column\">\n\t\t\t<div class=\"elementor-column-wrap elementor-element-populated\">\n\t\t\t\t\t\t\t<div class=\"elementor-widget-wrap\">\n\t\t\t\t\t\t<div class=\"elementor-element elementor-element-80bc9aa elementor-widget elementor-widget-heading\" data-id=\"80bc9aa\" data-element_type=\"widget\" data-widget_type=\"heading.default\">\n\t\t\t\t<div class=\"elementor-widget-container\">\n\t\t\t<h2 class=\"elementor-heading-title elementor-size-default\">CALEND\u00c1RIO E HOR\u00c1RIOS<\/h2>\t\t<\/div>\n\t\t\t\t<\/div>\n\t\t\t\t\t\t<\/div>\n\t\t\t\t\t<\/div>\n\t\t<\/div>\n\t\t\t\t\t\t\t\t<\/div>\n\t\t\t\t\t<\/div>\n\t\t<\/section>\n\t\t\t\t<section class=\"elementor-section elementor-top-section elementor-element elementor-element-1e04cac elementor-section-boxed elementor-section-height-default elementor-section-height-default\" data-id=\"1e04cac\" data-element_type=\"section\">\n\t\t\t\t\t\t<div class=\"elementor-container elementor-column-gap-default\">\n\t\t\t\t\t\t\t<div class=\"elementor-row\">\n\t\t\t\t\t<div class=\"elementor-column elementor-col-100 elementor-top-column elementor-element elementor-element-8b031f0\" data-id=\"8b031f0\" data-element_type=\"column\">\n\t\t\t<div class=\"elementor-column-wrap elementor-element-populated\">\n\t\t\t\t\t\t\t<div class=\"elementor-widget-wrap\">\n\t\t\t\t\t\t<div class=\"elementor-element elementor-element-0c96253 elementor-widget elementor-widget-text-editor\" data-id=\"0c96253\" data-element_type=\"widget\" data-widget_type=\"text-editor.default\">\n\t\t\t\t<div class=\"elementor-widget-container\">\n\t\t\t\t\t<div class=\"elementor-text-editor elementor-clearfix\"><h3><a href=\"http:\/\/colegioportal.com.br\/wp-content\/uploads\/2025\/12\/CALENDARIO-ESCOLAR-2026.pdf\">CALEND\u00c1RIO ESCOLAR 2026<\/a><\/h3><p>Calend\u00e1rio sujeito a altera\u00e7\u00f5es.<\/p><p>Observa\u00e7\u00e3o: Segue abaixo as novas datas alteradas em nosso Calend\u00e1rio Escolar 2026<\/p><p>11\/05\/2026 &#8211; Comemora\u00e7\u00e3o Dia das M\u00e3es<\/p><p>20\/06\/2026 &#8211; Festa Rural<\/p><h3>QUADRO DE HOR\u00c1RIOS<\/h3><p><a href=\"http:\/\/colegioportal.com.br\/wp-content\/uploads\/2026\/01\/HORARIOS-ED-INFANTIL-2026.pdf\">HOR\u00c1RIOS EDUCA\u00c7\u00c3O INFANTIL 2026<\/a><\/p><p><a href=\"http:\/\/colegioportal.com.br\/wp-content\/uploads\/2026\/02\/HORARIOS-FUND-1-2026.pdf\">HOR\u00c1RIOS ENSINO FUNDAMENTAL 1 (1\u00ba AO 5\u00ba ANO) 2026<\/a><\/p><p><a href=\"http:\/\/colegioportal.com.br\/wp-content\/uploads\/2026\/01\/HORARIO-FUND-2-2026-1.pdf\">HOR\u00c1RIOS ENSINO FUNDAMENTAL 2 (6\u00ba AO 9\u00ba ANO) 2026<\/a><\/p><h4>\u00a0<\/h4><\/div>\n\t\t\t\t<\/div>\n\t\t\t\t<\/div>\n\t\t\t\t\t\t<\/div>\n\t\t\t\t\t<\/div>\n\t\t<\/div>\n\t\t\t\t\t\t\t\t<\/div>\n\t\t\t\t\t<\/div>\n\t\t<\/section>\n\t\t\t\t<section class=\"elementor-section elementor-top-section elementor-element elementor-element-ddc8f4a elementor-section-boxed elementor-section-height-default elementor-section-height-default\" data-id=\"ddc8f4a\" data-element_type=\"section\">\n\t\t\t\t\t\t<div class=\"elementor-container elementor-column-gap-default\">\n\t\t\t\t\t\t\t<div class=\"elementor-row\">\n\t\t\t\t\t<div class=\"elementor-column elementor-col-100 elementor-top-column elementor-element elementor-element-ee9eabb\" data-id=\"ee9eabb\" data-element_type=\"column\">\n\t\t\t<div class=\"elementor-column-wrap elementor-element-populated\">\n\t\t\t\t\t\t\t<div class=\"elementor-widget-wrap\">\n\t\t\t\t\t\t<div class=\"elementor-element elementor-element-f6be398 elementor-widget elementor-widget-image\" data-id=\"f6be398\" data-element_type=\"widget\" data-widget_type=\"image.default\">\n\t\t\t\t<div class=\"elementor-widget-container\">\n\t\t\t\t\t<div class=\"elementor-image\">\n\t\t\t\t\t\t\t\t\t\t<img width=\"300\" height=\"93\" src=\"http:\/\/colegioportal.com.br\/wp-content\/uploads\/2022\/01\/logo-portal-novo-300x93.jpg\" class=\"attachment-medium size-medium\" alt=\"\" loading=\"lazy\" srcset=\"http:\/\/colegioportal.com.br\/wp-content\/uploads\/2022\/01\/logo-portal-novo-300x93.jpg 300w, http:\/\/colegioportal.com.br\/wp-content\/uploads\/2022\/01\/logo-portal-novo-600x186.jpg 600w, http:\/\/colegioportal.com.br\/wp-content\/uploads\/2022\/01\/logo-portal-novo-768x238.jpg 768w, http:\/\/colegioportal.com.br\/wp-content\/uploads\/2022\/01\/logo-portal-novo.jpg 1280w\" sizes=\"(max-width: 300px) 100vw, 300px\" \/>\t\t\t\t\t\t\t\t\t\t\t<\/div>\n\t\t\t\t<\/div>\n\t\t\t\t<\/div>\n\t\t\t\t\t\t<\/div>\n\t\t\t\t\t<\/div>\n\t\t<\/div>\n\t\t\t\t\t\t\t\t<\/div>\n\t\t\t\t\t<\/div>\n\t\t<\/section>\n\t\t\t\t\t\t<\/div>\n\t\t\t\t\t\t<\/div>\n\t\t\t\t\t<\/div>\n\t\t","protected":false},"excerpt":{"rendered":"<p>CALEND\u00c1RIO E HOR\u00c1RIOS CALEND\u00c1RIO ESCOLAR 2026 Calend\u00e1rio sujeito a altera\u00e7\u00f5es. Observa\u00e7\u00e3o: Segue abaixo as novas datas alteradas em nosso Calend\u00e1rio Escolar 2026 11\/05\/2026 &#8211; Comemora\u00e7\u00e3o Dia das M\u00e3es 20\/06\/2026 &#8211; Festa Rural QUADRO DE HOR\u00c1RIOS HOR\u00c1RIOS EDUCA\u00c7\u00c3O INFANTIL 2026 HOR\u00c1RIOS ENSINO FUNDAMENTAL 1 (1\u00ba AO 5\u00ba ANO) 2026 HOR\u00c1RIOS ENSINO FUNDAMENTAL 2 (6\u00ba AO 9\u00ba &hellip; <a href=\"http:\/\/colegioportal.com.br\/?page_id=34\" class=\"more-link\">Continue lendo <span class=\"screen-reader-text\">Calend\u00e1rio e Hor\u00e1rios<\/span> <span class=\"meta-nav\">&rarr;<\/span><\/a><\/p>\n","protected":false},"author":1,"featured_media":0,"parent":581,"menu_order":0,"comment_status":"closed","ping_status":"closed","template":"elementor_header_footer","meta":[],"_links":{"self":[{"href":"http:\/\/colegioportal.com.br\/index.php?rest_route=\/wp\/v2\/pages\/34"}],"collection":[{"href":"http:\/\/colegioportal.com.br\/index.php?rest_route=\/wp\/v2\/pages"}],"about":[{"href":"http:\/\/colegioportal.com.br\/index.php?rest_route=\/wp\/v2\/types\/page"}],"author":[{"embeddable":true,"href":"http:\/\/colegioportal.com.br\/index.php?rest_route=\/wp\/v2\/users\/1"}],"replies":[{"embeddable":true,"href":"http:\/\/colegioportal.com.br\/index.php?rest_route=%2Fwp%2Fv2%2Fcomments&post=34"}],"version-history":[{"count":154,"href":"http:\/\/colegioportal.com.br\/index.php?rest_route=\/wp\/v2\/pages\/34\/revisions"}],"predecessor-version":[{"id":1657,"href":"http:\/\/colegioportal.com.br\/index.php?rest_route=\/wp\/v2\/pages\/34\/revisions\/1657"}],"up":[{"embeddable":true,"href":"http:\/\/colegioportal.com.br\/index.php?rest_route=\/wp\/v2\/pages\/581"}],"wp:attachment":[{"href":"http:\/\/colegioportal.com.br\/index.php?rest_route=%2Fwp%2Fv2%2Fmedia&parent=34"}],"curies":[{"name":"wp","href":"https:\/\/api.w.org\/{rel}","templated":true}]}}