{"id":21,"date":"2016-09-16T19:52:32","date_gmt":"2016-09-16T22:52:32","guid":{"rendered":"http:\/\/colegioportal.com.br\/?page_id=21"},"modified":"2024-12-18T13:49:56","modified_gmt":"2024-12-18T16:49:56","slug":"fale-conosco","status":"publish","type":"page","link":"http:\/\/colegioportal.com.br\/?page_id=21","title":{"rendered":"Fale Conosco"},"content":{"rendered":"\t\t<div data-elementor-type=\"wp-page\" data-elementor-id=\"21\" class=\"elementor elementor-21\" data-elementor-settings=\"[]\">\n\t\t\t\t\t\t<div class=\"elementor-inner\">\n\t\t\t\t\t\t\t<div class=\"elementor-section-wrap\">\n\t\t\t\t\t\t\t<section class=\"elementor-section elementor-top-section elementor-element elementor-element-8a1ec66 elementor-section-boxed elementor-section-height-default elementor-section-height-default\" data-id=\"8a1ec66\" data-element_type=\"section\">\n\t\t\t\t\t\t<div class=\"elementor-container elementor-column-gap-default\">\n\t\t\t\t\t\t\t<div class=\"elementor-row\">\n\t\t\t\t\t<div class=\"elementor-column elementor-col-100 elementor-top-column elementor-element elementor-element-d6e3f3d\" data-id=\"d6e3f3d\" data-element_type=\"column\">\n\t\t\t<div class=\"elementor-column-wrap elementor-element-populated\">\n\t\t\t\t\t\t\t<div class=\"elementor-widget-wrap\">\n\t\t\t\t\t\t<div class=\"elementor-element elementor-element-cf5ee52 elementor-widget elementor-widget-text-editor\" data-id=\"cf5ee52\" data-element_type=\"widget\" data-widget_type=\"text-editor.default\">\n\t\t\t\t<div class=\"elementor-widget-container\">\n\t\t\t\t\t<div class=\"elementor-text-editor elementor-clearfix\"><h2>COL\u00c9GIO PORTAL<\/h2><p>Rua: Bonif\u00e1cio de Oliveira Cass\u00fa, 473, \u00c9den, Sorocaba\/SP<\/p><p>Cep.: 18103-100<\/p><p>Telefone: (15) 3357-5059 \/ (15) 98176-2010<\/p><p>E-mail: colegioportal@colegioportal.com.br<\/p><p>\u00a0<\/p><\/div>\n\t\t\t\t<\/div>\n\t\t\t\t<\/div>\n\t\t\t\t\t\t<\/div>\n\t\t\t\t\t<\/div>\n\t\t<\/div>\n\t\t\t\t\t\t\t\t<\/div>\n\t\t\t\t\t<\/div>\n\t\t<\/section>\n\t\t\t\t<section class=\"elementor-section elementor-top-section elementor-element elementor-element-3ae0ade elementor-section-boxed elementor-section-height-default elementor-section-height-default\" data-id=\"3ae0ade\" data-element_type=\"section\">\n\t\t\t\t\t\t<div class=\"elementor-container elementor-column-gap-default\">\n\t\t\t\t\t\t\t<div class=\"elementor-row\">\n\t\t\t\t\t<div class=\"elementor-column elementor-col-100 elementor-top-column elementor-element elementor-element-211cb6b\" data-id=\"211cb6b\" data-element_type=\"column\">\n\t\t\t<div class=\"elementor-column-wrap elementor-element-populated\">\n\t\t\t\t\t\t\t<div class=\"elementor-widget-wrap\">\n\t\t\t\t\t\t<div class=\"elementor-element elementor-element-d3571f9 elementor-shape-rounded elementor-grid-0 elementor-widget elementor-widget-social-icons\" data-id=\"d3571f9\" data-element_type=\"widget\" data-widget_type=\"social-icons.default\">\n\t\t\t\t<div class=\"elementor-widget-container\">\n\t\t\t\t\t<div class=\"elementor-social-icons-wrapper elementor-grid\">\n\t\t\t\t\t\t\t<div class=\"elementor-grid-item\">\n\t\t\t\t\t<a class=\"elementor-icon elementor-social-icon elementor-social-icon-facebook elementor-animation-push elementor-repeater-item-c9ac8a7\" href=\"https:\/\/pt-br.facebook.com\/colportal\/\" target=\"_blank\">\n\t\t\t\t\t\t<span class=\"elementor-screen-only\">Facebook<\/span>\n\t\t\t\t\t\t<i class=\"fab fa-facebook\"><\/i>\t\t\t\t\t<\/a>\n\t\t\t\t<\/div>\n\t\t\t\t\t\t\t<div class=\"elementor-grid-item\">\n\t\t\t\t\t<a class=\"elementor-icon elementor-social-icon elementor-social-icon-instagram elementor-animation-push elementor-repeater-item-899ba21\" href=\"https:\/\/www.instagram.com\/colegio.portal_\/?igshid=1frnfg7v11z7r\" target=\"_blank\">\n\t\t\t\t\t\t<span class=\"elementor-screen-only\">Instagram<\/span>\n\t\t\t\t\t\t<i class=\"fab fa-instagram\"><\/i>\t\t\t\t\t<\/a>\n\t\t\t\t<\/div>\n\t\t\t\t\t<\/div>\n\t\t\t\t<\/div>\n\t\t\t\t<\/div>\n\t\t\t\t\t\t<\/div>\n\t\t\t\t\t<\/div>\n\t\t<\/div>\n\t\t\t\t\t\t\t\t<\/div>\n\t\t\t\t\t<\/div>\n\t\t<\/section>\n\t\t\t\t<section class=\"elementor-section elementor-top-section elementor-element elementor-element-5c50ccc elementor-section-boxed elementor-section-height-default elementor-section-height-default\" data-id=\"5c50ccc\" data-element_type=\"section\">\n\t\t\t\t\t\t<div class=\"elementor-container elementor-column-gap-default\">\n\t\t\t\t\t\t\t<div class=\"elementor-row\">\n\t\t\t\t\t<div class=\"elementor-column elementor-col-100 elementor-top-column elementor-element elementor-element-ad0e268\" data-id=\"ad0e268\" data-element_type=\"column\">\n\t\t\t<div class=\"elementor-column-wrap elementor-element-populated\">\n\t\t\t\t\t\t\t<div class=\"elementor-widget-wrap\">\n\t\t\t\t\t\t<div class=\"elementor-element elementor-element-2fd9d44 elementor-widget elementor-widget-image\" data-id=\"2fd9d44\" data-element_type=\"widget\" data-widget_type=\"image.default\">\n\t\t\t\t<div class=\"elementor-widget-container\">\n\t\t\t\t\t<div class=\"elementor-image\">\n\t\t\t\t\t\t\t\t\t\t<img width=\"300\" height=\"93\" src=\"http:\/\/colegioportal.com.br\/wp-content\/uploads\/2022\/01\/logo-portal-novo-2-300x93.jpg\" class=\"attachment-medium size-medium\" alt=\"\" loading=\"lazy\" srcset=\"http:\/\/colegioportal.com.br\/wp-content\/uploads\/2022\/01\/logo-portal-novo-2-300x93.jpg 300w, http:\/\/colegioportal.com.br\/wp-content\/uploads\/2022\/01\/logo-portal-novo-2-600x186.jpg 600w, http:\/\/colegioportal.com.br\/wp-content\/uploads\/2022\/01\/logo-portal-novo-2-768x238.jpg 768w, http:\/\/colegioportal.com.br\/wp-content\/uploads\/2022\/01\/logo-portal-novo-2.jpg 1280w\" sizes=\"(max-width: 300px) 100vw, 300px\" \/>\t\t\t\t\t\t\t\t\t\t\t<\/div>\n\t\t\t\t<\/div>\n\t\t\t\t<\/div>\n\t\t\t\t\t\t<\/div>\n\t\t\t\t\t<\/div>\n\t\t<\/div>\n\t\t\t\t\t\t\t\t<\/div>\n\t\t\t\t\t<\/div>\n\t\t<\/section>\n\t\t\t\t\t\t<\/div>\n\t\t\t\t\t\t<\/div>\n\t\t\t\t\t<\/div>\n\t\t","protected":false},"excerpt":{"rendered":"<p>COL\u00c9GIO PORTAL Rua: Bonif\u00e1cio de Oliveira Cass\u00fa, 473, \u00c9den, Sorocaba\/SP Cep.: 18103-100 Telefone: (15) 3357-5059 \/ (15) 98176-2010 E-mail: colegioportal@colegioportal.com.br \u00a0 Facebook Instagram<\/p>\n","protected":false},"author":1,"featured_media":0,"parent":0,"menu_order":0,"comment_status":"closed","ping_status":"closed","template":"","meta":[],"_links":{"self":[{"href":"http:\/\/colegioportal.com.br\/index.php?rest_route=\/wp\/v2\/pages\/21"}],"collection":[{"href":"http:\/\/colegioportal.com.br\/index.php?rest_route=\/wp\/v2\/pages"}],"about":[{"href":"http:\/\/colegioportal.com.br\/index.php?rest_route=\/wp\/v2\/types\/page"}],"author":[{"embeddable":true,"href":"http:\/\/colegioportal.com.br\/index.php?rest_route=\/wp\/v2\/users\/1"}],"replies":[{"embeddable":true,"href":"http:\/\/colegioportal.com.br\/index.php?rest_route=%2Fwp%2Fv2%2Fcomments&post=21"}],"version-history":[{"count":23,"href":"http:\/\/colegioportal.com.br\/index.php?rest_route=\/wp\/v2\/pages\/21\/revisions"}],"predecessor-version":[{"id":1471,"href":"http:\/\/colegioportal.com.br\/index.php?rest_route=\/wp\/v2\/pages\/21\/revisions\/1471"}],"wp:attachment":[{"href":"http:\/\/colegioportal.com.br\/index.php?rest_route=%2Fwp%2Fv2%2Fmedia&parent=21"}],"curies":[{"name":"wp","href":"https:\/\/api.w.org\/{rel}","templated":true}]}}